{"id":115,"date":"2022-10-03T16:30:58","date_gmt":"2022-10-03T16:30:58","guid":{"rendered":"http:\/\/abc-open.abc-frankfurt.de\/?page_id=115"},"modified":"2023-05-10T05:18:09","modified_gmt":"2023-05-10T05:18:09","slug":"location","status":"publish","type":"page","link":"http:\/\/abc-open.abc-frankfurt.de\/de\/location\/","title":{"rendered":"Ort"},"content":{"rendered":"<p class=\"has-text-align-left\">Wir spielen in der Carl-von-Weinberg-Schule in Frankfurt, mit zwei gro\u00dfen, modernen Hallen und insgesamt 16 Spielfeldern. <\/p>\n\n\n\n<h5 class=\"wp-block-heading\">Anreise per Auto<\/h5>\n\n\n\n<p><strong>Die Adresse der Schule ist Zur Waldau 21, 60529 Frankfurt am Main<\/strong>, es gibt allerdings nur ein begrenztes Angebot an Parkpl\u00e4tzen.<\/p>\n\n\n\n<p>Wir empfehlen euch s\u00fcdlich \u00fcber die Strassburger Str zu kommen. <strong>Gebt einfach die Adresse: Zur Waldau 12, 60529 Frankfurt am Main in das Navigationssystem ein.<\/strong>Dort stehen  gen\u00fcgend Parkpl\u00e4tze zur Verf\u00fcgung. <\/p>\n\n\n\n<h5 class=\"wp-block-heading\">Anreise mit den \u00f6ffentlichen Verkehrsmitteln<\/h5>\n\n\n\n<p>Die Halle ist auch mit \u00f6ffentlichen Verkehrsmitteln gut zu erreichen. <strong>Nehmt die Stra\u00dfenbahn Nr. 11<\/strong> nach <strong>Frankfurt (Main) Waldau<\/strong> und von dort sind es nur 5 Minuten zu Fu\u00df. <strong>Oder nehmt den Bus 51 oder 78<\/strong> nach <strong>Frankfurt (Main) Waldau\/Goldsteinstrasse<\/strong>.<\/p>\n\n\n\n<iframe src=\"https:\/\/www.google.com\/maps\/embed?pb=!1m18!1m12!1m3!1d2560.3573860309402!2d8.609229515901468!3d50.07959532189762!2m3!1f0!2f0!3f0!3m2!1i1024!2i768!4f13.1!3m3!1m2!1s0x417314ec0d537bcd%3A0x682b347b91e431b9!2sCarl-von-Weinberg-Schule!5e0!3m2!1sen!2sde!4v1664814999326!5m2!1sen!2sde\" width=\"600\" height=\"450\" style=\"border:0;\" allowfullscreen=\"\" loading=\"lazy\" referrerpolicy=\"no-referrer-when-downgrade\"><\/iframe>","protected":false},"excerpt":{"rendered":"<p>We will be playing in the Carl-von-Weinberg-Schule in Frankfurt, with two big, modern halls and a total of 16 courts to play on. Getting there by car The actual address of the schoool is Zur Waldau 21, 60529 Frankfurt am Main, however there might be fewer parking spaces due to a school gate. We recommend&hellip;&nbsp;<a href=\"http:\/\/abc-open.abc-frankfurt.de\/de\/location\/\" rel=\"bookmark\">Weiterlesen &raquo;<span class=\"screen-reader-text\">Ort<\/span><\/a><\/p>","protected":false},"author":2,"featured_media":0,"parent":0,"menu_order":0,"comment_status":"closed","ping_status":"closed","template":"","meta":{"neve_meta_sidebar":"","neve_meta_container":"","neve_meta_enable_content_width":"","neve_meta_content_width":0,"neve_meta_title_alignment":"","neve_meta_author_avatar":"","neve_post_elements_order":"","neve_meta_disable_header":"","neve_meta_disable_footer":"","neve_meta_disable_title":"","footnotes":""},"class_list":["post-115","page","type-page","status-publish","hentry"],"yoast_head":"<!-- This site is optimized with the Yoast SEO plugin v25.5 - https:\/\/yoast.com\/wordpress\/plugins\/seo\/ -->\n<title>Location - ABC Open 2026<\/title>\n<meta name=\"robots\" content=\"index, follow, max-snippet:-1, max-image-preview:large, max-video-preview:-1\" \/>\n<link rel=\"canonical\" href=\"https:\/\/abc-open.abc-frankfurt.de\/de\/location\/\" \/>\n<meta property=\"og:locale\" content=\"de_DE\" \/>\n<meta property=\"og:type\" content=\"article\" \/>\n<meta property=\"og:title\" content=\"Location - ABC Open 2026\" \/>\n<meta property=\"og:description\" content=\"We will be playing in the Carl-von-Weinberg-Schule in Frankfurt, with two big, modern halls and a total of 16 courts to play on. Getting there by car The actual address of the schoool is Zur Waldau 21, 60529 Frankfurt am Main, however there might be fewer parking spaces due to a school gate. We recommend&hellip;&nbsp;Weiterlesen &raquo;Location\" \/>\n<meta property=\"og:url\" content=\"https:\/\/abc-open.abc-frankfurt.de\/de\/location\/\" \/>\n<meta property=\"og:site_name\" content=\"ABC Open 2026\" \/>\n<meta property=\"article:publisher\" content=\"https:\/\/www.facebook.com\/ABCFrankfurt\/\" \/>\n<meta property=\"article:modified_time\" content=\"2023-05-10T05:18:09+00:00\" \/>\n<meta name=\"twitter:card\" content=\"summary_large_image\" \/>\n<meta name=\"twitter:label1\" content=\"Gesch\u00e4tzte Lesezeit\" \/>\n\t<meta name=\"twitter:data1\" content=\"1\u00a0Minute\" \/>\n<script type=\"application\/ld+json\" class=\"yoast-schema-graph\">{\"@context\":\"https:\/\/schema.org\",\"@graph\":[{\"@type\":\"WebPage\",\"@id\":\"https:\/\/abc-open.abc-frankfurt.de\/en\/location\/\",\"url\":\"https:\/\/abc-open.abc-frankfurt.de\/en\/location\/\",\"name\":\"Location - ABC Open 2026\",\"isPartOf\":{\"@id\":\"https:\/\/abc-open.abc-frankfurt.de\/#website\"},\"datePublished\":\"2022-10-03T16:30:58+00:00\",\"dateModified\":\"2023-05-10T05:18:09+00:00\",\"breadcrumb\":{\"@id\":\"https:\/\/abc-open.abc-frankfurt.de\/en\/location\/#breadcrumb\"},\"inLanguage\":\"de\",\"potentialAction\":[{\"@type\":\"ReadAction\",\"target\":[\"https:\/\/abc-open.abc-frankfurt.de\/en\/location\/\"]}]},{\"@type\":\"BreadcrumbList\",\"@id\":\"https:\/\/abc-open.abc-frankfurt.de\/en\/location\/#breadcrumb\",\"itemListElement\":[{\"@type\":\"ListItem\",\"position\":1,\"name\":\"Home\",\"item\":\"https:\/\/abc-open.abc-frankfurt.de\/\"},{\"@type\":\"ListItem\",\"position\":2,\"name\":\"Location\"}]},{\"@type\":\"WebSite\",\"@id\":\"https:\/\/abc-open.abc-frankfurt.de\/#website\",\"url\":\"https:\/\/abc-open.abc-frankfurt.de\/\",\"name\":\"ABC Open 2026\",\"description\":\"Frankfurt Badminton Tournament, 13 - 14 June 2026\",\"potentialAction\":[{\"@type\":\"SearchAction\",\"target\":{\"@type\":\"EntryPoint\",\"urlTemplate\":\"https:\/\/abc-open.abc-frankfurt.de\/?s={search_term_string}\"},\"query-input\":{\"@type\":\"PropertyValueSpecification\",\"valueRequired\":true,\"valueName\":\"search_term_string\"}}],\"inLanguage\":\"de\"}]}<\/script>\n<!-- \/ Yoast SEO plugin. -->","yoast_head_json":{"title":"Location - ABC Open 2026","robots":{"index":"index","follow":"follow","max-snippet":"max-snippet:-1","max-image-preview":"max-image-preview:large","max-video-preview":"max-video-preview:-1"},"canonical":"https:\/\/abc-open.abc-frankfurt.de\/de\/location\/","og_locale":"de_DE","og_type":"article","og_title":"Location - ABC Open 2026","og_description":"We will be playing in the Carl-von-Weinberg-Schule in Frankfurt, with two big, modern halls and a total of 16 courts to play on. Getting there by car The actual address of the schoool is Zur Waldau 21, 60529 Frankfurt am Main, however there might be fewer parking spaces due to a school gate. We recommend&hellip;&nbsp;Weiterlesen &raquo;Location","og_url":"https:\/\/abc-open.abc-frankfurt.de\/de\/location\/","og_site_name":"ABC Open 2026","article_publisher":"https:\/\/www.facebook.com\/ABCFrankfurt\/","article_modified_time":"2023-05-10T05:18:09+00:00","twitter_card":"summary_large_image","twitter_misc":{"Gesch\u00e4tzte Lesezeit":"1\u00a0Minute"},"schema":{"@context":"https:\/\/schema.org","@graph":[{"@type":"WebPage","@id":"https:\/\/abc-open.abc-frankfurt.de\/en\/location\/","url":"https:\/\/abc-open.abc-frankfurt.de\/en\/location\/","name":"Location - ABC Open 2026","isPartOf":{"@id":"https:\/\/abc-open.abc-frankfurt.de\/#website"},"datePublished":"2022-10-03T16:30:58+00:00","dateModified":"2023-05-10T05:18:09+00:00","breadcrumb":{"@id":"https:\/\/abc-open.abc-frankfurt.de\/en\/location\/#breadcrumb"},"inLanguage":"de","potentialAction":[{"@type":"ReadAction","target":["https:\/\/abc-open.abc-frankfurt.de\/en\/location\/"]}]},{"@type":"BreadcrumbList","@id":"https:\/\/abc-open.abc-frankfurt.de\/en\/location\/#breadcrumb","itemListElement":[{"@type":"ListItem","position":1,"name":"Home","item":"https:\/\/abc-open.abc-frankfurt.de\/"},{"@type":"ListItem","position":2,"name":"Location"}]},{"@type":"WebSite","@id":"https:\/\/abc-open.abc-frankfurt.de\/#website","url":"https:\/\/abc-open.abc-frankfurt.de\/","name":"ABC Open 2026","description":"Frankfurt Badminton Tournament, 13 - 14 June 2026","potentialAction":[{"@type":"SearchAction","target":{"@type":"EntryPoint","urlTemplate":"https:\/\/abc-open.abc-frankfurt.de\/?s={search_term_string}"},"query-input":{"@type":"PropertyValueSpecification","valueRequired":true,"valueName":"search_term_string"}}],"inLanguage":"de"}]}},"_links":{"self":[{"href":"http:\/\/abc-open.abc-frankfurt.de\/de\/wp-json\/wp\/v2\/pages\/115","targetHints":{"allow":["GET"]}}],"collection":[{"href":"http:\/\/abc-open.abc-frankfurt.de\/de\/wp-json\/wp\/v2\/pages"}],"about":[{"href":"http:\/\/abc-open.abc-frankfurt.de\/de\/wp-json\/wp\/v2\/types\/page"}],"author":[{"embeddable":true,"href":"http:\/\/abc-open.abc-frankfurt.de\/de\/wp-json\/wp\/v2\/users\/2"}],"replies":[{"embeddable":true,"href":"http:\/\/abc-open.abc-frankfurt.de\/de\/wp-json\/wp\/v2\/comments?post=115"}],"version-history":[{"count":6,"href":"http:\/\/abc-open.abc-frankfurt.de\/de\/wp-json\/wp\/v2\/pages\/115\/revisions"}],"predecessor-version":[{"id":1256,"href":"http:\/\/abc-open.abc-frankfurt.de\/de\/wp-json\/wp\/v2\/pages\/115\/revisions\/1256"}],"wp:attachment":[{"href":"http:\/\/abc-open.abc-frankfurt.de\/de\/wp-json\/wp\/v2\/media?parent=115"}],"curies":[{"name":"wp","href":"https:\/\/api.w.org\/{rel}","templated":true}]}}