{"id":116,"date":"2022-10-03T16:30:58","date_gmt":"2022-10-03T16:30:58","guid":{"rendered":"http:\/\/abc-open.abc-frankfurt.de\/?page_id=116"},"modified":"2026-02-02T11:39:18","modified_gmt":"2026-02-02T11:39:18","slug":"registration","status":"publish","type":"page","link":"https:\/\/abc-open.abc-frankfurt.de\/de\/registration\/","title":{"rendered":"Anmeldung"},"content":{"rendered":"<p>Wir \u00f6ffnen die Anmeldung am <strong>1. Februar 2026.<\/strong>Pl\u00e4tze sind begrenzt und die Anmeldungen werden in der Reihenfolge des Eingangs angenommen.<\/p>\n\n\n\n<h5 class=\"wp-block-heading\">Zwei Alternativen f\u00fcr die Anmeldung<\/h5>\n\n\n\n<ol class=\"wp-block-list\">\n<li>ALLE <strong>A<\/strong> KLASSE Spieler (C-Ranglisten Turnier), m\u00fcssen sich \u00fcber ihren Verein auf Turnier.de registrieren <a href=\"https:\/\/dbv.turnier.de\/tournament\/99373122-7814-47E7-AA59-6F8687FED2C9\" target=\"_blank\" rel=\"noreferrer noopener\">Turnier.de<\/a>.<\/li>\n\n\n\n<li>F\u00fcr <strong>B<\/strong>, <strong>C<\/strong> und <strong>D<\/strong> Klasse, kann die Anmeldung entweder auf Turnier.de oder mit dem folgenden Formular erfolgen <a href=\"https:\/\/docs.google.com\/forms\/d\/e\/1FAIpQLSfI_XxgTwv-SIPdEMzDHeSD2xZEdJkIlbUMkXsrprG515T8Tg\/viewform?usp=dialog\" target=\"_blank\" rel=\"noreferrer noopener\">Form<\/a>.<\/li>\n<\/ol>\n\n\n\n<p>Wenn ihr noch einen Partner sucht, gebt dies bitte anstelle Eures Partners im Formular an. Wenn ihr m\u00f6chtet, dass wir einen Partner f\u00fcr Euch suchen, sagt uns einfach Bescheid. Wir nehmen Euch erst dann in das Turnier auf, wenn wir Eure Zahlung best\u00e4tigt haben (die Zahlungsdetails findet ihr auf dem Anmeldeformular sowie weiter unten). Sobald wir Eure Anmeldung angenommen haben, seht ihr Euren Eintrag online im entsprechenden <a href=\"https:\/\/dbv.turnier.de\/sport\/events.aspx?id=99373122-7814-47e7-aa59-6f8687fed2c9\" target=\"_blank\" rel=\"noreferrer noopener\">Wettbewerb\/Disziplin.<\/a>Bitte beachte, dass wir dich ggf. bitten, deine Spielklasse anzupassen.<\/p>\n\n\n\n<p>\u00c4nderungen in der Meldung, Z.B. Partnerwechsel oder R\u00fcckzug k\u00f6nnen per Email vorgenommen werden. Wenn ihr Fragen habt oder Probleme auftauchen, meldet Euch einfach per Email unter&nbsp;<a href=\"mailto:abcopenteam@gmail.com\" target=\"_blank\" rel=\"noreferrer noopener\">abcopenteam@gmail.com<\/a><\/p>\n\n\n\n<div style=\"height:100px\" aria-hidden=\"true\" class=\"wp-block-spacer\"><\/div>\n\n\n\n<h3 class=\"wp-block-heading has-background\" style=\"background:linear-gradient(90deg,rgba(133,189,227,0.33) 1%,rgba(155,81,224,0.23) 100%)\">Bezahlung<\/h3>\n\n\n\n<p>Bitte zahlt Eure Startgeb\u00fchr vor dem Turnier. Wir werden Euch erst offiziell in das Turnier aufnehmen, nachdem Eure Zahlung eingegangen ist. Bitte \u00fcberweist den Betrag (<strong>\u20ac10<\/strong> \/ Disziplin \/ Person) je nach Anmeldung an:&nbsp;<\/p>\n\n\n\n<p><strong>Active Badm. Cl. Ffm e.V.<br>DE81 5019 0000 6000 9803 99<br>FFVBDEFFXXX<\/strong><br>Frankfurter Volksbank Rhein\/Main<br>Betrag: <strong>\u20ac10<\/strong> \/ Disziplin \/ Person<br>Verwendungszweck: <strong>ABC Open 2026 (<em>Vorname Nachname<\/em>)\u00a0<\/strong><\/p>\n\n\n\n<p>Bankdaten im QR-Code:<br><img loading=\"lazy\" decoding=\"async\" width=\"150\" height=\"145\" class=\"wp-image-1412\" style=\"width: 150px;\" src=\"https:\/\/abc-open.abc-frankfurt.de\/wp-content\/uploads\/2024\/03\/qrCode.png\" alt=\"\" srcset=\"https:\/\/abc-open.abc-frankfurt.de\/wp-content\/uploads\/2024\/03\/qrCode.png 391w, https:\/\/abc-open.abc-frankfurt.de\/wp-content\/uploads\/2024\/03\/qrCode-300x290.png 300w, https:\/\/abc-open.abc-frankfurt.de\/wp-content\/uploads\/2024\/03\/qrCode-12x12.png 12w\" sizes=\"auto, (max-width: 150px) 100vw, 150px\" \/><br>Wir informieren euch in K\u00fcrze \u00fcber den Zahlungsstatus.<\/p>\n\n\n\n<div class=\"wp-block-sender-sender-forms sender-form-field\" data-sender-form-id=\"m5mo7t0wam8jp3a83jy\"><\/div>\n\n\n\n<div style=\"height:100px\" aria-hidden=\"true\" class=\"wp-block-spacer\"><\/div>\n\n\n\n<p><\/p>","protected":false},"excerpt":{"rendered":"<p>We are opening the registration on 1st February 2026. Spots are limited and registrations are accepted on a first come first serve basis. Two options to register: If you are still looking for a partner, please add this in the form instead of your partner. If you want us to match you with someone, let&hellip;&nbsp;<a href=\"https:\/\/abc-open.abc-frankfurt.de\/de\/registration\/\" rel=\"bookmark\">Weiterlesen &raquo;<span class=\"screen-reader-text\">Anmeldung<\/span><\/a><\/p>","protected":false},"author":2,"featured_media":0,"parent":0,"menu_order":0,"comment_status":"closed","ping_status":"closed","template":"","meta":{"neve_meta_sidebar":"","neve_meta_container":"","neve_meta_enable_content_width":"","neve_meta_content_width":0,"neve_meta_title_alignment":"","neve_meta_author_avatar":"","neve_post_elements_order":"","neve_meta_disable_header":"","neve_meta_disable_footer":"","neve_meta_disable_title":"","footnotes":""},"class_list":["post-116","page","type-page","status-publish","hentry"],"yoast_head":"<!-- This site is optimized with the Yoast SEO plugin v25.5 - https:\/\/yoast.com\/wordpress\/plugins\/seo\/ -->\n<title>Registration - ABC Open 2026<\/title>\n<meta name=\"robots\" content=\"index, follow, max-snippet:-1, max-image-preview:large, max-video-preview:-1\" \/>\n<link rel=\"canonical\" href=\"https:\/\/abc-open.abc-frankfurt.de\/de\/registration\/\" \/>\n<meta property=\"og:locale\" content=\"de_DE\" \/>\n<meta property=\"og:type\" content=\"article\" \/>\n<meta property=\"og:title\" content=\"Registration - ABC Open 2026\" \/>\n<meta property=\"og:description\" content=\"We are opening the registration on 1st February 2026. Spots are limited and registrations are accepted on a first come first serve basis. Two options to register: If you are still looking for a partner, please add this in the form instead of your partner. If you want us to match you with someone, let&hellip;&nbsp;Weiterlesen &raquo;Registration\" \/>\n<meta property=\"og:url\" content=\"https:\/\/abc-open.abc-frankfurt.de\/de\/registration\/\" \/>\n<meta property=\"og:site_name\" content=\"ABC Open 2026\" \/>\n<meta property=\"article:publisher\" content=\"https:\/\/www.facebook.com\/ABCFrankfurt\/\" \/>\n<meta property=\"article:modified_time\" content=\"2026-02-02T11:39:18+00:00\" \/>\n<meta property=\"og:image\" content=\"https:\/\/abc-open.abc-frankfurt.de\/wp-content\/uploads\/2024\/03\/qrCode.png\" \/>\n\t<meta property=\"og:image:width\" content=\"391\" \/>\n\t<meta property=\"og:image:height\" content=\"378\" \/>\n\t<meta property=\"og:image:type\" content=\"image\/png\" \/>\n<meta name=\"twitter:card\" content=\"summary_large_image\" \/>\n<meta name=\"twitter:label1\" content=\"Gesch\u00e4tzte Lesezeit\" \/>\n\t<meta name=\"twitter:data1\" content=\"2\u00a0Minuten\" \/>\n<script type=\"application\/ld+json\" class=\"yoast-schema-graph\">{\"@context\":\"https:\/\/schema.org\",\"@graph\":[{\"@type\":\"WebPage\",\"@id\":\"https:\/\/abc-open.abc-frankfurt.de\/registration\/\",\"url\":\"https:\/\/abc-open.abc-frankfurt.de\/registration\/\",\"name\":\"Registration - ABC Open 2026\",\"isPartOf\":{\"@id\":\"https:\/\/abc-open.abc-frankfurt.de\/#website\"},\"primaryImageOfPage\":{\"@id\":\"https:\/\/abc-open.abc-frankfurt.de\/registration\/#primaryimage\"},\"image\":{\"@id\":\"https:\/\/abc-open.abc-frankfurt.de\/registration\/#primaryimage\"},\"thumbnailUrl\":\"https:\/\/abc-open.abc-frankfurt.de\/wp-content\/uploads\/2024\/03\/qrCode.png\",\"datePublished\":\"2022-10-03T16:30:58+00:00\",\"dateModified\":\"2026-02-02T11:39:18+00:00\",\"breadcrumb\":{\"@id\":\"https:\/\/abc-open.abc-frankfurt.de\/registration\/#breadcrumb\"},\"inLanguage\":\"de\",\"potentialAction\":[{\"@type\":\"ReadAction\",\"target\":[\"https:\/\/abc-open.abc-frankfurt.de\/registration\/\"]}]},{\"@type\":\"ImageObject\",\"inLanguage\":\"de\",\"@id\":\"https:\/\/abc-open.abc-frankfurt.de\/registration\/#primaryimage\",\"url\":\"https:\/\/abc-open.abc-frankfurt.de\/wp-content\/uploads\/2024\/03\/qrCode.png\",\"contentUrl\":\"https:\/\/abc-open.abc-frankfurt.de\/wp-content\/uploads\/2024\/03\/qrCode.png\"},{\"@type\":\"BreadcrumbList\",\"@id\":\"https:\/\/abc-open.abc-frankfurt.de\/registration\/#breadcrumb\",\"itemListElement\":[{\"@type\":\"ListItem\",\"position\":1,\"name\":\"Home\",\"item\":\"https:\/\/abc-open.abc-frankfurt.de\/\"},{\"@type\":\"ListItem\",\"position\":2,\"name\":\"Registration\"}]},{\"@type\":\"WebSite\",\"@id\":\"https:\/\/abc-open.abc-frankfurt.de\/#website\",\"url\":\"https:\/\/abc-open.abc-frankfurt.de\/\",\"name\":\"ABC Open 2026\",\"description\":\"Frankfurt Badminton Tournament, 13 - 14 June 2026\",\"potentialAction\":[{\"@type\":\"SearchAction\",\"target\":{\"@type\":\"EntryPoint\",\"urlTemplate\":\"https:\/\/abc-open.abc-frankfurt.de\/?s={search_term_string}\"},\"query-input\":{\"@type\":\"PropertyValueSpecification\",\"valueRequired\":true,\"valueName\":\"search_term_string\"}}],\"inLanguage\":\"de\"}]}<\/script>\n<!-- \/ Yoast SEO plugin. -->","yoast_head_json":{"title":"Registration - ABC Open 2026","robots":{"index":"index","follow":"follow","max-snippet":"max-snippet:-1","max-image-preview":"max-image-preview:large","max-video-preview":"max-video-preview:-1"},"canonical":"https:\/\/abc-open.abc-frankfurt.de\/de\/registration\/","og_locale":"de_DE","og_type":"article","og_title":"Registration - ABC Open 2026","og_description":"We are opening the registration on 1st February 2026. Spots are limited and registrations are accepted on a first come first serve basis. Two options to register: If you are still looking for a partner, please add this in the form instead of your partner. If you want us to match you with someone, let&hellip;&nbsp;Weiterlesen &raquo;Registration","og_url":"https:\/\/abc-open.abc-frankfurt.de\/de\/registration\/","og_site_name":"ABC Open 2026","article_publisher":"https:\/\/www.facebook.com\/ABCFrankfurt\/","article_modified_time":"2026-02-02T11:39:18+00:00","og_image":[{"width":391,"height":378,"url":"https:\/\/abc-open.abc-frankfurt.de\/wp-content\/uploads\/2024\/03\/qrCode.png","type":"image\/png"}],"twitter_card":"summary_large_image","twitter_misc":{"Gesch\u00e4tzte Lesezeit":"2\u00a0Minuten"},"schema":{"@context":"https:\/\/schema.org","@graph":[{"@type":"WebPage","@id":"https:\/\/abc-open.abc-frankfurt.de\/registration\/","url":"https:\/\/abc-open.abc-frankfurt.de\/registration\/","name":"Registration - ABC Open 2026","isPartOf":{"@id":"https:\/\/abc-open.abc-frankfurt.de\/#website"},"primaryImageOfPage":{"@id":"https:\/\/abc-open.abc-frankfurt.de\/registration\/#primaryimage"},"image":{"@id":"https:\/\/abc-open.abc-frankfurt.de\/registration\/#primaryimage"},"thumbnailUrl":"https:\/\/abc-open.abc-frankfurt.de\/wp-content\/uploads\/2024\/03\/qrCode.png","datePublished":"2022-10-03T16:30:58+00:00","dateModified":"2026-02-02T11:39:18+00:00","breadcrumb":{"@id":"https:\/\/abc-open.abc-frankfurt.de\/registration\/#breadcrumb"},"inLanguage":"de","potentialAction":[{"@type":"ReadAction","target":["https:\/\/abc-open.abc-frankfurt.de\/registration\/"]}]},{"@type":"ImageObject","inLanguage":"de","@id":"https:\/\/abc-open.abc-frankfurt.de\/registration\/#primaryimage","url":"https:\/\/abc-open.abc-frankfurt.de\/wp-content\/uploads\/2024\/03\/qrCode.png","contentUrl":"https:\/\/abc-open.abc-frankfurt.de\/wp-content\/uploads\/2024\/03\/qrCode.png"},{"@type":"BreadcrumbList","@id":"https:\/\/abc-open.abc-frankfurt.de\/registration\/#breadcrumb","itemListElement":[{"@type":"ListItem","position":1,"name":"Home","item":"https:\/\/abc-open.abc-frankfurt.de\/"},{"@type":"ListItem","position":2,"name":"Registration"}]},{"@type":"WebSite","@id":"https:\/\/abc-open.abc-frankfurt.de\/#website","url":"https:\/\/abc-open.abc-frankfurt.de\/","name":"ABC Open 2026","description":"Frankfurt Badminton Tournament, 13 - 14 June 2026","potentialAction":[{"@type":"SearchAction","target":{"@type":"EntryPoint","urlTemplate":"https:\/\/abc-open.abc-frankfurt.de\/?s={search_term_string}"},"query-input":{"@type":"PropertyValueSpecification","valueRequired":true,"valueName":"search_term_string"}}],"inLanguage":"de"}]}},"_links":{"self":[{"href":"https:\/\/abc-open.abc-frankfurt.de\/de\/wp-json\/wp\/v2\/pages\/116","targetHints":{"allow":["GET"]}}],"collection":[{"href":"https:\/\/abc-open.abc-frankfurt.de\/de\/wp-json\/wp\/v2\/pages"}],"about":[{"href":"https:\/\/abc-open.abc-frankfurt.de\/de\/wp-json\/wp\/v2\/types\/page"}],"author":[{"embeddable":true,"href":"https:\/\/abc-open.abc-frankfurt.de\/de\/wp-json\/wp\/v2\/users\/2"}],"replies":[{"embeddable":true,"href":"https:\/\/abc-open.abc-frankfurt.de\/de\/wp-json\/wp\/v2\/comments?post=116"}],"version-history":[{"count":49,"href":"https:\/\/abc-open.abc-frankfurt.de\/de\/wp-json\/wp\/v2\/pages\/116\/revisions"}],"predecessor-version":[{"id":1863,"href":"https:\/\/abc-open.abc-frankfurt.de\/de\/wp-json\/wp\/v2\/pages\/116\/revisions\/1863"}],"wp:attachment":[{"href":"https:\/\/abc-open.abc-frankfurt.de\/de\/wp-json\/wp\/v2\/media?parent=116"}],"curies":[{"name":"wp","href":"https:\/\/api.w.org\/{rel}","templated":true}]}}