{"id":3,"date":"2022-09-21T09:17:55","date_gmt":"2022-09-21T09:17:55","guid":{"rendered":"http:\/\/s575953349.online.de\/?page_id=3"},"modified":"2022-10-05T21:36:11","modified_gmt":"2022-10-05T21:36:11","slug":"privacy-policy","status":"publish","type":"page","link":"https:\/\/abc-open.abc-frankfurt.de\/en\/privacy-policy\/","title":{"rendered":"Datenschutzerkl\u00e4rung"},"content":{"rendered":"\n<h2 class=\"wp-block-heading\">Datenschutz<\/h2>\n\n\n\n<p>ABC Frankfurt e.V. als Betreiberin dieser Website nimmt den Schutz Ihrer pers\u00f6nlichen Daten ernst. Wir behandeln Ihre<br>personenbezogenen Daten vertraulich und entsprechend der gesetzlichen Datenschutzvorschriften sowie dieser Datenschutzerkl\u00e4rung. Bei Fragen oder Anmerkungen wenden Sie sich an die im<a href=\"https:\/\/www.abc-frankfurt.de\/impressum\/\">&nbsp;<\/a>Impressum angegebene Email- oder Post-Adresse.<\/p>\n\n\n\n<p><strong>Rechtsgrundlage<\/strong><\/p>\n\n\n\n<p>Wir erheben und verarbeiten Ihre Daten auf Grundlage des Art. 6, Abs. 1 a) und b) DSGVO (Datenschutz-Grundverordnung). Das bedeutet, dass Sie uns als betroffene Person entweder:<\/p>\n\n\n\n<p>a) Ihre Einwilligung zu der Verarbeitung der Sie betreffenden personenbezogenen Daten f\u00fcr einen oder mehrere bestimmte Zwecke gegeben<br>haben oder<\/p>\n\n\n\n<p>b) die Verarbeitung f\u00fcr die Erf\u00fcllung eines Vertrags notwendig ist, dessen Vertragspartei die betroffene Person ist, oder zur Durchf\u00fchrung<br>vorvertraglicher Ma\u00dfnahmen erforderlich ist, die auf Anfrage der betroffenen Person erfolgen.<\/p>\n\n\n\n<p>Informationen bez\u00fcglich des Rechts auf Auskunft, L\u00f6schung, Sperrung finden Sie ganz unten auf dieser Seite (Abschnitt \u201eRecht auf Auskunft,<br>L\u00f6schung, Sperrung\u201c).<\/p>\n\n\n\n<p><strong>Website und Email<\/strong><\/p>\n\n\n\n<p>Die Nutzung unserer Website ist in der Regel ohne Angabe personenbezogener Daten m\u00f6glich. Soweit auf unseren Seiten<br>personenbezogene Daten (beispielsweise Name, Anschrift oder E-Mail-Adressen) erhoben werden, erfolgt dies, soweit m\u00f6glich, stets auf<br>freiwilliger Basis. Diese Daten werden ohne Ihre ausdr\u00fcckliche Zustimmung nicht an Dritte weitergegeben.<\/p>\n\n\n\n<p>Wir weisen darauf hin, dass die Daten\u00fcbertragung im Internet (z.B. bei der Kommunikation per E-Mail) Sicherheitsl\u00fccken aufweisen kann. Ein<br>l\u00fcckenloser Schutz der Daten vor dem Zugriff durch Dritte ist nicht m\u00f6glich.<\/p>\n\n\n\n<h2 class=\"wp-block-heading\">Welche Daten erheben wir und wie werden diese verarbeitet?<\/h2>\n\n\n\n<p><strong>Anmeldung f\u00fcr Turniere<\/strong><\/p>\n\n\n\n<p>Die Anmeldung f\u00fcr Turniere des ABC erfolgt \u00fcber diese Seite und Formular. Hierbei m\u00fcssen Interessent*Innen, die sich anmelden wollen, Daten wie etwa Namen, Email-Adresse etc per Formular an den ABC \u00fcbermitteln. Die Anmeldungen k\u00f6nnen von allen Besucher*Innen der Website eingesehen werden. Alternativ k\u00f6nnen diese Daten auch per Email an den Vorstand versandt werden, der sie dann f\u00fcr alle Mitglieder sichtbar in die Liste der Anmeldungen eintr\u00e4gt. Email- Adressen und m\u00f6gliche Kontaktdetails werden nicht ver\u00f6ffentlicht.<\/p>\n\n\n\n<p><strong>Berichte und Fotos von Turnieren und Veranstaltungen<\/strong><\/p>\n\n\n\n<p>Unsere Mitglieder erstellen oft Fotos&nbsp;im Laufe von Turnieren oder Veranstaltungen des ABC. Bei der Anmeldung f\u00fcr Turniere wird explizit abgefragt, ob Fotos der Person angefertigt und auf der Homepage im \u00f6ffentlichen Bereich ver\u00f6ffentlicht werden d\u00fcrfen. Diese Erlaubnis darf nat\u00fcrlich verweigert oder nachtr\u00e4glich entzogen werden. Wir bitten unsere Mitglieder zus\u00e4tzlich darum, w\u00e4hrend der Veranstaltung nochmals auf uns zu zukommen und uns daran zu erinnern, dass sie nicht fotografiert werden m\u00f6chten. Oft erstellen wir auch&nbsp;Berichte f\u00fcr unsere Homepage&nbsp;\u00fcber unsere Veranstaltungen. Darin werden dann Namen der Spieler und m\u00f6gliche Spielverl\u00e4ufe beschrieben.<\/p>\n\n\n\n<p><strong>Abmeldung von Turnieren <\/strong><\/p>\n\n\n\n<p>Bei Abmeldung von Turnieren l\u00f6scht der ABC Frankfurt zeitnah die gespeicherten Kontaktdaten.<\/p>\n\n\n\n<p><strong>Beendigung von Turnieren <\/strong><\/p>\n\n\n\n<p>Nach Beendigung von Turnieren l\u00f6scht der ABC Frankfurt zeitnah die gespeicherten Kontaktdaten.<\/p>\n\n\n\n<h2 class=\"wp-block-heading\">Server-Log-Files<\/h2>\n\n\n\n<p>Der Provider der Seiten erhebt und speichert automatisch Informationen in so genannten Server-Log Files, die Ihr Browser automatisch an uns \u00fcbermittelt. Dies sind:<\/p>\n\n\n\n<ul class=\"wp-block-list\"><li>Browsertyp und Browserversion<\/li><li>verwendetes Betriebssystem<\/li><li>Referrer URL<\/li><li>Hostname des zugreifenden Rechners<\/li><li>Uhrzeit der Serveranfrage<\/li><\/ul>\n\n\n\n<p>Diese Daten sind nicht bestimmten Personen zuordenbar. Eine Zusammenf\u00fchrung dieser Daten mit anderen Datenquellen wird nicht vorgenommen. Wir behalten uns vor, diese Daten nachtr\u00e4glich zu pr\u00fcfen, wenn uns konkrete Anhaltspunkte f\u00fcr eine rechtswidrige Nutzung bekannt werden.<\/p>\n\n\n\n<h2 class=\"wp-block-heading\">Per Formular erhobene Daten<\/h2>\n\n\n\n<p>Wenn sich jemand per Formular f\u00fcr ein Turnier oder Event anmeldet, werden die Angaben aus dem Formular inklusive der von ihnen dort angegebenen Kontaktdaten zwecks Bearbeitung der Anmeldung und f\u00fcr den Fall von Anschlussfragen bei uns gespeichert. Diese Daten geben wir nicht ohne Ihre Einwilligung weiter.<\/p>\n\n\n\n<h2 class=\"wp-block-heading\">Recht auf Auskunft, L\u00f6schung, Sperrung<\/h2>\n\n\n\n<p>Sie haben jederzeit das Recht auf unentgeltliche Auskunft \u00fcber Ihre gespeicherten personenbezogenen Daten (nach Art. 12, 13, 14 und 15<br>DSGVO), deren Herkunft und Empf\u00e4nger und den Zweck der Datenverarbeitung sowie ein Recht auf Berichtigung (nach&nbsp;Art. 16 DSGVO), Sperrung oder L\u00f6schung (nach&nbsp;Art. 17 DSGVO) dieser Daten. Hierzu sowie zu weiteren Fragen zum Thema personenbezogene Daten k\u00f6nnen Sie sich jederzeit unter der im&nbsp;<a href=\"https:\/\/www.abc-frankfurt.de\/impressum\/\">Impressum<\/a>&nbsp;angegebenen Adresse an uns wenden.<\/p>\n\n\n\n<p>Quelle:<br><a href=\"https:\/\/www.e-recht24.de\/\">https:\/\/www.e-recht24.de<\/a><\/p>\n","protected":false},"excerpt":{"rendered":"<p>Datenschutz ABC Frankfurt e.V. als Betreiberin dieser Website nimmt den Schutz Ihrer pers\u00f6nlichen Daten ernst. Wir behandeln Ihrepersonenbezogenen Daten vertraulich und entsprechend der gesetzlichen Datenschutzvorschriften sowie dieser Datenschutzerkl\u00e4rung. Bei Fragen oder Anmerkungen wenden Sie sich an die im&nbsp;Impressum angegebene Email- oder Post-Adresse. Rechtsgrundlage Wir erheben und verarbeiten Ihre Daten auf Grundlage des Art. 6, Abs.&hellip;&nbsp;<a href=\"https:\/\/abc-open.abc-frankfurt.de\/en\/privacy-policy\/\" rel=\"bookmark\">Read More &raquo;<span class=\"screen-reader-text\">Datenschutzerkl\u00e4rung<\/span><\/a><\/p>\n","protected":false},"author":1,"featured_media":0,"parent":0,"menu_order":0,"comment_status":"closed","ping_status":"open","template":"","meta":{"neve_meta_sidebar":"","neve_meta_container":"","neve_meta_enable_content_width":"","neve_meta_content_width":0,"neve_meta_title_alignment":"","neve_meta_author_avatar":"","neve_post_elements_order":"","neve_meta_disable_header":"","neve_meta_disable_footer":"","neve_meta_disable_title":"","footnotes":""},"class_list":["post-3","page","type-page","status-publish","hentry"],"yoast_head":"<!-- This site is optimized with the Yoast SEO plugin v25.5 - https:\/\/yoast.com\/wordpress\/plugins\/seo\/ -->\n<title>Datenschutzerkl\u00e4rung - ABC Open 2026<\/title>\n<meta name=\"robots\" content=\"index, follow, max-snippet:-1, max-image-preview:large, max-video-preview:-1\" \/>\n<link rel=\"canonical\" href=\"http:\/\/abc-open.abc-frankfurt.de\/en\/privacy-policy\/\" \/>\n<meta property=\"og:locale\" content=\"en_US\" \/>\n<meta property=\"og:type\" content=\"article\" \/>\n<meta property=\"og:title\" content=\"Datenschutzerkl\u00e4rung - ABC Open 2026\" \/>\n<meta property=\"og:description\" content=\"Datenschutz ABC Frankfurt e.V. als Betreiberin dieser Website nimmt den Schutz Ihrer pers\u00f6nlichen Daten ernst. Wir behandeln Ihrepersonenbezogenen Daten vertraulich und entsprechend der gesetzlichen Datenschutzvorschriften sowie dieser Datenschutzerkl\u00e4rung. Bei Fragen oder Anmerkungen wenden Sie sich an die im&nbsp;Impressum angegebene Email- oder Post-Adresse. Rechtsgrundlage Wir erheben und verarbeiten Ihre Daten auf Grundlage des Art. 6, Abs.&hellip;&nbsp;Read More &raquo;Datenschutzerkl\u00e4rung\" \/>\n<meta property=\"og:url\" content=\"http:\/\/abc-open.abc-frankfurt.de\/en\/privacy-policy\/\" \/>\n<meta property=\"og:site_name\" content=\"ABC Open 2026\" \/>\n<meta property=\"article:publisher\" content=\"https:\/\/www.facebook.com\/ABCFrankfurt\/\" \/>\n<meta property=\"article:modified_time\" content=\"2022-10-05T21:36:11+00:00\" \/>\n<meta name=\"twitter:card\" content=\"summary_large_image\" \/>\n<meta name=\"twitter:label1\" content=\"Est. reading time\" \/>\n\t<meta name=\"twitter:data1\" content=\"3 minutes\" \/>\n<script type=\"application\/ld+json\" class=\"yoast-schema-graph\">{\"@context\":\"https:\/\/schema.org\",\"@graph\":[{\"@type\":\"WebPage\",\"@id\":\"http:\/\/abc-open.abc-frankfurt.de\/en\/privacy-policy\/\",\"url\":\"http:\/\/abc-open.abc-frankfurt.de\/en\/privacy-policy\/\",\"name\":\"Datenschutzerkl\u00e4rung - ABC Open 2026\",\"isPartOf\":{\"@id\":\"https:\/\/abc-open.abc-frankfurt.de\/#website\"},\"datePublished\":\"2022-09-21T09:17:55+00:00\",\"dateModified\":\"2022-10-05T21:36:11+00:00\",\"breadcrumb\":{\"@id\":\"http:\/\/abc-open.abc-frankfurt.de\/en\/privacy-policy\/#breadcrumb\"},\"inLanguage\":\"en-US\",\"potentialAction\":[{\"@type\":\"ReadAction\",\"target\":[\"http:\/\/abc-open.abc-frankfurt.de\/en\/privacy-policy\/\"]}]},{\"@type\":\"BreadcrumbList\",\"@id\":\"http:\/\/abc-open.abc-frankfurt.de\/en\/privacy-policy\/#breadcrumb\",\"itemListElement\":[{\"@type\":\"ListItem\",\"position\":1,\"name\":\"Home\",\"item\":\"https:\/\/abc-open.abc-frankfurt.de\/\"},{\"@type\":\"ListItem\",\"position\":2,\"name\":\"Datenschutzerkl\u00e4rung\"}]},{\"@type\":\"WebSite\",\"@id\":\"https:\/\/abc-open.abc-frankfurt.de\/#website\",\"url\":\"https:\/\/abc-open.abc-frankfurt.de\/\",\"name\":\"ABC Open 2026\",\"description\":\"Frankfurt Badminton Tournament, 13 - 14 June 2026\",\"potentialAction\":[{\"@type\":\"SearchAction\",\"target\":{\"@type\":\"EntryPoint\",\"urlTemplate\":\"https:\/\/abc-open.abc-frankfurt.de\/?s={search_term_string}\"},\"query-input\":{\"@type\":\"PropertyValueSpecification\",\"valueRequired\":true,\"valueName\":\"search_term_string\"}}],\"inLanguage\":\"en-US\"}]}<\/script>\n<!-- \/ Yoast SEO plugin. -->","yoast_head_json":{"title":"Datenschutzerkl\u00e4rung - ABC Open 2026","robots":{"index":"index","follow":"follow","max-snippet":"max-snippet:-1","max-image-preview":"max-image-preview:large","max-video-preview":"max-video-preview:-1"},"canonical":"http:\/\/abc-open.abc-frankfurt.de\/en\/privacy-policy\/","og_locale":"en_US","og_type":"article","og_title":"Datenschutzerkl\u00e4rung - ABC Open 2026","og_description":"Datenschutz ABC Frankfurt e.V. als Betreiberin dieser Website nimmt den Schutz Ihrer pers\u00f6nlichen Daten ernst. Wir behandeln Ihrepersonenbezogenen Daten vertraulich und entsprechend der gesetzlichen Datenschutzvorschriften sowie dieser Datenschutzerkl\u00e4rung. Bei Fragen oder Anmerkungen wenden Sie sich an die im&nbsp;Impressum angegebene Email- oder Post-Adresse. Rechtsgrundlage Wir erheben und verarbeiten Ihre Daten auf Grundlage des Art. 6, Abs.&hellip;&nbsp;Read More &raquo;Datenschutzerkl\u00e4rung","og_url":"http:\/\/abc-open.abc-frankfurt.de\/en\/privacy-policy\/","og_site_name":"ABC Open 2026","article_publisher":"https:\/\/www.facebook.com\/ABCFrankfurt\/","article_modified_time":"2022-10-05T21:36:11+00:00","twitter_card":"summary_large_image","twitter_misc":{"Est. reading time":"3 minutes"},"schema":{"@context":"https:\/\/schema.org","@graph":[{"@type":"WebPage","@id":"http:\/\/abc-open.abc-frankfurt.de\/en\/privacy-policy\/","url":"http:\/\/abc-open.abc-frankfurt.de\/en\/privacy-policy\/","name":"Datenschutzerkl\u00e4rung - ABC Open 2026","isPartOf":{"@id":"https:\/\/abc-open.abc-frankfurt.de\/#website"},"datePublished":"2022-09-21T09:17:55+00:00","dateModified":"2022-10-05T21:36:11+00:00","breadcrumb":{"@id":"http:\/\/abc-open.abc-frankfurt.de\/en\/privacy-policy\/#breadcrumb"},"inLanguage":"en-US","potentialAction":[{"@type":"ReadAction","target":["http:\/\/abc-open.abc-frankfurt.de\/en\/privacy-policy\/"]}]},{"@type":"BreadcrumbList","@id":"http:\/\/abc-open.abc-frankfurt.de\/en\/privacy-policy\/#breadcrumb","itemListElement":[{"@type":"ListItem","position":1,"name":"Home","item":"https:\/\/abc-open.abc-frankfurt.de\/"},{"@type":"ListItem","position":2,"name":"Datenschutzerkl\u00e4rung"}]},{"@type":"WebSite","@id":"https:\/\/abc-open.abc-frankfurt.de\/#website","url":"https:\/\/abc-open.abc-frankfurt.de\/","name":"ABC Open 2026","description":"Frankfurt Badminton Tournament, 13 - 14 June 2026","potentialAction":[{"@type":"SearchAction","target":{"@type":"EntryPoint","urlTemplate":"https:\/\/abc-open.abc-frankfurt.de\/?s={search_term_string}"},"query-input":{"@type":"PropertyValueSpecification","valueRequired":true,"valueName":"search_term_string"}}],"inLanguage":"en-US"}]}},"_links":{"self":[{"href":"https:\/\/abc-open.abc-frankfurt.de\/en\/wp-json\/wp\/v2\/pages\/3","targetHints":{"allow":["GET"]}}],"collection":[{"href":"https:\/\/abc-open.abc-frankfurt.de\/en\/wp-json\/wp\/v2\/pages"}],"about":[{"href":"https:\/\/abc-open.abc-frankfurt.de\/en\/wp-json\/wp\/v2\/types\/page"}],"author":[{"embeddable":true,"href":"https:\/\/abc-open.abc-frankfurt.de\/en\/wp-json\/wp\/v2\/users\/1"}],"replies":[{"embeddable":true,"href":"https:\/\/abc-open.abc-frankfurt.de\/en\/wp-json\/wp\/v2\/comments?post=3"}],"version-history":[{"count":0,"href":"https:\/\/abc-open.abc-frankfurt.de\/en\/wp-json\/wp\/v2\/pages\/3\/revisions"}],"wp:attachment":[{"href":"https:\/\/abc-open.abc-frankfurt.de\/en\/wp-json\/wp\/v2\/media?parent=3"}],"curies":[{"name":"wp","href":"https:\/\/api.w.org\/{rel}","templated":true}]}}